{"id":593,"date":"2019-02-12T17:51:07","date_gmt":"2019-02-12T16:51:07","guid":{"rendered":"http:\/\/fefac.cat\/empresarial\/?page_id=593"},"modified":"2019-03-26T16:21:43","modified_gmt":"2019-03-26T15:21:43","slug":"serveis-noticies","status":"publish","type":"page","link":"https:\/\/fefac.cat\/empresarial\/serveis\/serveis-noticies\/","title":{"rendered":"Noticies del sector"},"content":{"rendered":"<p>[et_pb_section fb_built=&#8221;1&#8243; _builder_version=&#8221;3.19.13&#8243; custom_padding=&#8221;15px|0px|16px|0px|false|false&#8221;][et_pb_row custom_padding=&#8221;0|0px|0|0px|false|false&#8221; _builder_version=&#8221;3.19.13&#8243;][et_pb_column type=&#8221;4_4&#8243; _builder_version=&#8221;3.19.13&#8243;][et_pb_dcsbcm_divi_breadcrumbs_module hide_homebreadcrumb=&#8221;off&#8221; homebreadcrumbtext=&#8221;Inici&#8221; separator=&#8221;sep-pipe&#8221; _builder_version=&#8221;3.19.13&#8243; fontsbreadcrumbs_font=&#8221;||||||||&#8221; custom_margin=&#8221;0px||0px&#8221;][\/et_pb_dcsbcm_divi_breadcrumbs_module][\/et_pb_column][\/et_pb_row][\/et_pb_section][et_pb_section fb_built=&#8221;1&#8243; fullwidth=&#8221;on&#8221; module_id=&#8221;serveis&#8221; _builder_version=&#8221;3.19.13&#8243;][et_pb_fullwidth_header title=&#8221;Noticies del sector&#8221; button_one_url=&#8221;https:\/\/fefac.cat\/empresarial\/formulari-socis\/&#8221; _builder_version=&#8221;3.19.13&#8243; title_font=&#8221;|600|||||||&#8221; title_text_color=&#8221;#000000&#8243; title_line_height=&#8221;1.7em&#8221; content_font=&#8221;||||||||&#8221; content_text_align=&#8221;justify&#8221; content_text_color=&#8221;#000000&#8243; custom_button_one=&#8221;on&#8221; button_one_text_size=&#8221;16px&#8221; button_one_text_color=&#8221;#ffffff&#8221; button_one_bg_color=&#8221;#C01906&#8243; button_one_font=&#8221;||||||||&#8221; button_one_bg_color__hover_enabled=&#8221;on&#8221; button_one_bg_color__hover=&#8221;#000000&#8243;][\/et_pb_fullwidth_header][\/et_pb_section][et_pb_section fb_built=&#8221;1&#8243; _builder_version=&#8221;3.19.13&#8243; custom_padding=&#8221;54px|0px|142px|0px|false|false&#8221;][et_pb_row _builder_version=&#8221;3.19.13&#8243;][et_pb_column type=&#8221;4_4&#8243; _builder_version=&#8221;3.19.13&#8243;][et_pb_text _builder_version=&#8221;3.19.13&#8243; header_font=&#8221;|600|||||||&#8221; header_text_align=&#8221;left&#8221; header_line_height=&#8221;1.4em&#8221; header_2_font=&#8221;||||||||&#8221;]<\/p>\n<p id=\"u557540-9\" class=\"shared_content\" data-content-guid=\"u557540-9_content\"><strong><span id=\"u557540\">T\u2019informem de totes les novetats del sector que t\u2019afecten.\u00a0<\/span><span style=\"color: #0000ff;\"><a class=\"nonblock\" href=\"https:\/\/fefac.us13.list-manage.com\/subscribe?u=1311ec6dc48b0ce978cd11b98&amp;id=e86c9f9c9d\" target=\"_blank\" rel=\"noopener noreferrer\" style=\"color: #0000ff;\"><span id=\"u557540-2\">Rep la nostra newsletter en el teu correu electr\u00f2nic<\/span><\/a><span id=\"u557540-4\">.<\/span><\/span><\/strong><\/p>\n<p class=\"shared_content\" data-content-guid=\"u557540-9_content\">FEFAC mant\u00e9 al dia als seus associats sobre temes de farm\u00e0cia i salut. No siguis l\u2019\u00faltim a assabentar-te del que passa al sector. Amb la nostra newsletter, elaborada pels periodistes de FEFAC,<span>\u00a0<\/span><strong><span id=\"u557540-7\">estar\u00e0s sempre al dia<\/span><\/strong>.<\/p>\n<p id=\"u557540-13\" class=\"shared_content\" data-content-guid=\"u557540-13_content\">Com a \u00fanica entitat que representa els teus interessos com a titular de farm\u00e0cia, t\u2019informem de<span>\u00a0<\/span><span id=\"u557540-11\"><strong>not\u00edcies que t\u2019interessen especialment<\/strong><span>\u00a0<\/span><\/span>per a la gesti\u00f3 de la teva farm\u00e0cia.<\/p>\n<p>[\/et_pb_text][\/et_pb_column][\/et_pb_row][et_pb_row _builder_version=&#8221;3.19.13&#8243;][et_pb_column type=&#8221;1_3&#8243; _builder_version=&#8221;3.19.13&#8243;][et_pb_text _builder_version=&#8221;3.19.13&#8243;]<\/p>\n<ul>\n<li id=\"u704277-2\">Accions legals<\/li>\n<li id=\"u704277-4\">Activitat de FEFAC<\/li>\n<li id=\"u704277-6\">Assessorament<\/li>\n<li id=\"u704277-8\">Convenis col\u00b7lectius<\/li>\n<li id=\"u704277-10\">Eines digitals per a la farm\u00e0cia<\/li>\n<li id=\"u704277-12\">Estudis<\/li>\n<li id=\"u704277-14\">Fiscal<\/li>\n<\/ul>\n<p>[\/et_pb_text][\/et_pb_column][et_pb_column type=&#8221;1_3&#8243; _builder_version=&#8221;3.19.13&#8243;][et_pb_text _builder_version=&#8221;3.19.13&#8243;]<\/p>\n<ul class=\"list0 nls-None shared_content\" id=\"u704373-15\" data-content-guid=\"u704373-15_content\">\n<li id=\"u704373-2\">Formaci\u00f3<\/li>\n<li id=\"u704373-4\">Gesti\u00f3<\/li>\n<li id=\"u704373-6\">Impagaments<\/li>\n<li id=\"u704373-8\">Informes<\/li>\n<li id=\"u704373-10\">Laboral<\/li>\n<li id=\"u704373-12\">Legal<\/li>\n<li id=\"u704373-14\">Professi\u00f3<\/li>\n<\/ul>\n<p>[\/et_pb_text][\/et_pb_column][et_pb_column type=&#8221;1_3&#8243; _builder_version=&#8221;3.19.13&#8243;][et_pb_text _builder_version=&#8221;3.19.13&#8243;]<\/p>\n<ul class=\"list0 nls-None shared_content\" id=\"u704397-13\" data-content-guid=\"u704397-13_content\">\n<li id=\"u704397-2\">Publicacions<\/li>\n<li id=\"u704397-4\">Responsabilitat Social Corporativa<\/li>\n<li id=\"u704397-6\">RGPD<\/li>\n<li id=\"u704397-8\">Sanitat<\/li>\n<li id=\"u704397-10\">Serveis t\u00e8cnics<\/li>\n<li id=\"u704397-12\">Subvencions<\/li>\n<\/ul>\n<p>[\/et_pb_text][\/et_pb_column][\/et_pb_row][et_pb_row _builder_version=&#8221;3.19.13&#8243;][et_pb_column type=&#8221;4_4&#8243; _builder_version=&#8221;3.19.13&#8243;][et_pb_text _builder_version=&#8221;3.19.13&#8243;]<\/p>\n<p id=\"u704325-2\" class=\"shared_content\" data-content-guid=\"u704325-2_content\" style=\"text-align: center;\"><strong>Et preocupa un tema en concret? A FEFAC t\u2019escoltem.<\/strong><\/p>\n<p id=\"u704325-7\" class=\"shared_content\" data-content-guid=\"u704325-7_content\" style=\"text-align: center;\"><strong>Envia\u2019ns un correu electr\u00f2nic a\u00a0<a class=\"nonblock\" href=\"mailto:fefac@fefac.cat\"><span style=\"color: #0000ff;\">fefac@fefac.cat<\/span><\/a>\u00a0i treballarem la teva proposta.<\/strong><\/p>\n<p>[\/et_pb_text][\/et_pb_column][\/et_pb_row][\/et_pb_section][et_pb_section fb_built=&#8221;1&#8243; admin_label=&#8221;Footer&#8221; _builder_version=&#8221;3.19.13&#8243; background_color=&#8221;#ffffff&#8221; custom_margin=&#8221;0px||0px&#8221; custom_padding=&#8221;0px|0px|0px|0px&#8221; animation_style=&#8221;zoom&#8221; animation_direction=&#8221;bottom&#8221; animation_intensity_zoom=&#8221;6%&#8221; animation_starting_opacity=&#8221;100%&#8221; hover_transition_duration=&#8221;0ms&#8221; global_module=&#8221;886&#8243; saved_tabs=&#8221;all&#8221; locked=&#8221;off&#8221;][et_pb_row custom_padding=&#8221;0px||&#8221; custom_margin=&#8221;0px||0px&#8221; padding_bottom_1=&#8221;0px&#8221; padding_left_1=&#8221;0px&#8221; _builder_version=&#8221;3.19.11&#8243; border_color_all=&#8221;rgba(0,0,0,0)&#8221; border_width_bottom=&#8221;1px&#8221;][et_pb_column type=&#8221;4_4&#8243; _builder_version=&#8221;3.19.11&#8243;][et_pb_blurb title=&#8221;FEFAC &#8211; Federaci\u00f3 d&#8217;Associacions de Farm\u00e0cies de Catalunya&#8221; image=&#8221;https:\/\/fefac.cat\/empresarial\/wp-content\/uploads\/2019\/02\/fefac-logopg.jpg&#8221; image_max_width=&#8221;76%&#8221; _builder_version=&#8221;3.19.13&#8243; header_level=&#8221;h5&#8243; header_font=&#8221;|700|||||||&#8221; header_text_align=&#8221;center&#8221; animation=&#8221;off&#8221; hover_transition_duration=&#8221;0ms&#8221;][\/et_pb_blurb][\/et_pb_column][\/et_pb_row][\/et_pb_section][et_pb_section fb_built=&#8221;1&#8243; admin_label=&#8221;Footer&#8221; _builder_version=&#8221;3.19.13&#8243; custom_margin=&#8221;0px||1px&#8221; custom_padding=&#8221;19px|0px|67px|0px|false|false&#8221; animation_style=&#8221;zoom&#8221; animation_direction=&#8221;bottom&#8221; animation_intensity_zoom=&#8221;6%&#8221; animation_starting_opacity=&#8221;100%&#8221; global_module=&#8221;883&#8243; saved_tabs=&#8221;all&#8221; locked=&#8221;off&#8221;][et_pb_row use_custom_width=&#8221;on&#8221; custom_width_px=&#8221;951px&#8221; custom_padding=&#8221;30px|25px|19px|25px|false|false&#8221; custom_margin=&#8221;-30px|||&#8221; make_equal=&#8221;on&#8221; _builder_version=&#8221;3.19.13&#8243; module_alignment=&#8221;center&#8221; hover_transition_duration=&#8221;0ms&#8221;][et_pb_column type=&#8221;1_3&#8243; _builder_version=&#8221;3.19.11&#8243;][et_pb_blurb title=&#8221;Ubicaci\u00f3&#8221; image=&#8221;https:\/\/fefac.cat\/empresarial\/wp-content\/uploads\/2019\/02\/if_location_pin_logo_social_media_1071018.png&#8221; icon_placement=&#8221;left&#8221; _builder_version=&#8221;3.19.13&#8243; border_width_all=&#8221;-2px&#8221; border_color_all=&#8221;#b7b7b7&#8243; border_width_right=&#8221;1px&#8221; border_color_right=&#8221;#939393&#8243; animation=&#8221;off&#8221; hover_transition_duration=&#8221;0ms&#8221;]<\/p>\n<p style=\"text-align: left;\">C\/ Casanova, 84-86 Entr. 1\u00aaC<br \/> 08011 Barcelona<\/p>\n<p>[\/et_pb_blurb][\/et_pb_column][et_pb_column type=&#8221;1_3&#8243; _builder_version=&#8221;3.19.11&#8243;][et_pb_blurb title=&#8221;Tel\u00e8fon&#8221; image=&#8221;https:\/\/fefac.cat\/empresarial\/wp-content\/uploads\/2019\/02\/if_phone_logo_social_media_1078686.png&#8221; icon_placement=&#8221;left&#8221; _builder_version=&#8221;3.19.13&#8243; body_font=&#8221;||||||||&#8221; body_text_align=&#8221;center&#8221; border_color_all=&#8221;rgba(0,0,0,0)&#8221; border_color_right=&#8221;#b7b7b7&#8243; animation=&#8221;off&#8221; hover_transition_duration=&#8221;0ms&#8221;]<\/p>\n<p style=\"text-align: left;\">Tel. 93 323 24 22<\/p>\n<p>[\/et_pb_blurb][\/et_pb_column][et_pb_column type=&#8221;1_3&#8243; _builder_version=&#8221;3.19.11&#8243;][et_pb_blurb title=&#8221;Contacte&#8221; image=&#8221;https:\/\/fefac.cat\/empresarial\/wp-content\/uploads\/2019\/02\/if_email_mail_envelope_send_message_1011336-1.png&#8221; icon_placement=&#8221;left&#8221; _builder_version=&#8221;3.19.13&#8243; border_width_all=&#8221;-2px&#8221; border_width_right=&#8221;1px&#8221; border_color_right=&#8221;#939393&#8243; animation=&#8221;off&#8221; hover_transition_duration=&#8221;0ms&#8221;]<\/p>\n<p><a href=\"http:\/\/www.fefac.cat\" target=\"_blank\" rel=\"noopener noreferrer\">www.fefac.cat<\/a><br \/> <a href=\"mailto:fefac@fefac.cat\">fefac@fefac.cat<\/a><\/p>\n<p>[\/et_pb_blurb][\/et_pb_column][\/et_pb_row][\/et_pb_section][et_pb_section fb_built=&#8221;1&#8243; specialty=&#8221;on&#8221; _builder_version=&#8221;3.19.13&#8243; border_width_top=&#8221;-1px&#8221; border_color_top=&#8221;#d6d6d6&#8243; border_width_right=&#8221;-1px&#8221; box_shadow_style=&#8221;preset1&#8243; custom_padding=&#8221;40px|0px|44px|0px|false|false&#8221; top_divider_arrangement=&#8221;above_content&#8221; bottom_divider_height=&#8221;32px&#8221; hover_transition_duration=&#8221;0ms&#8221; global_module=&#8221;884&#8243; saved_tabs=&#8221;all&#8221;][et_pb_column type=&#8221;1_2&#8243; specialty_columns=&#8221;2&#8243; _builder_version=&#8221;3.0.47&#8243;][et_pb_row_inner custom_padding=&#8221;0|0|21px|0px|false|false&#8221; _builder_version=&#8221;3.19.13&#8243; hover_transition_duration=&#8221;0ms&#8221;][et_pb_column_inner type=&#8221;4_4&#8243; saved_specialty_column_type=&#8221;1_2&#8243; _builder_version=&#8221;3.0.47&#8243;][et_pb_blurb title=&#8221;Empresarials que formen part de FEFAC&#8221; image_max_width=&#8221;76%&#8221; _builder_version=&#8221;3.19.11&#8243; header_font=&#8221;|700|||||||&#8221; header_text_align=&#8221;center&#8221; border_width_all=&#8221;-1px&#8221; border_color_all=&#8221;rgba(0,0,0,0)&#8221; border_color_bottom=&#8221;#000000&#8243; box_shadow_style=&#8221;preset3&#8243; box_shadow_color=&#8221;rgba(0,0,0,0)&#8221; text_orientation=&#8221;center&#8221; custom_padding=&#8221;10px||&#8221;][\/et_pb_blurb][\/et_pb_column_inner][\/et_pb_row_inner][et_pb_row_inner custom_padding=&#8221;0|0px|0|0px|false|false&#8221; _builder_version=&#8221;3.19.13&#8243; hover_transition_duration=&#8221;0ms&#8221;][et_pb_column_inner type=&#8221;1_2&#8243; saved_specialty_column_type=&#8221;1_2&#8243; _builder_version=&#8221;3.0.47&#8243;][et_pb_blurb image=&#8221;https:\/\/fefac.cat\/empresarial\/wp-content\/uploads\/2019\/02\/afb.jpg&#8221; alt=&#8221;A.G.F.E Associaci\u00f3 Gironina Farmac\u00e8utica Empresarial&#8221; _builder_version=&#8221;3.19.13&#8243; text_orientation=&#8221;center&#8221; animation=&#8221;off&#8221; hover_transition_duration=&#8221;0ms&#8221;]<\/p>\n<p>AFB &#8211; Associaci\u00f3 de Farm\u00e0cies de Barcelona<\/p>\n<p>[\/et_pb_blurb][\/et_pb_column_inner][et_pb_column_inner type=&#8221;1_2&#8243; saved_specialty_column_type=&#8221;1_2&#8243; _builder_version=&#8221;3.0.47&#8243;][et_pb_blurb image=&#8221;https:\/\/fefac.cat\/empresarial\/wp-content\/uploads\/2019\/02\/afet.jpg&#8221; alt=&#8221;AFET &#8211; Associaci\u00f3 Gironina Farmac\u00e8utica Empresarial&#8221; _builder_version=&#8221;3.19.13&#8243; text_orientation=&#8221;center&#8221; animation=&#8221;off&#8221; hover_transition_duration=&#8221;0ms&#8221;]<\/p>\n<p>AFET &#8211; Associaci\u00f3 de Farmac\u00e8utics amb Oficina de Farm\u00e0cia a Tarragona<\/p>\n<p>[\/et_pb_blurb][\/et_pb_column_inner][\/et_pb_row_inner][et_pb_row_inner custom_padding=&#8221;5px|0px|0|0px|false|false&#8221; _builder_version=&#8221;3.19.13&#8243;][et_pb_column_inner type=&#8221;1_2&#8243; saved_specialty_column_type=&#8221;1_2&#8243; _builder_version=&#8221;3.0.47&#8243;][et_pb_blurb image=&#8221;https:\/\/fefac.cat\/empresarial\/wp-content\/uploads\/2019\/02\/agfe.jpg&#8221; alt=&#8221;A.G.F.E Associaci\u00f3 Gironina Farmac\u00e8utica Empresarial&#8221; _builder_version=&#8221;3.19.13&#8243; text_orientation=&#8221;center&#8221; hover_transition_duration=&#8221;0ms&#8221;]<\/p>\n<p>A.G.F.E &#8211; Associaci\u00f3 Gironina Farmac\u00e8utica Empresarial<\/p>\n<p>[\/et_pb_blurb][\/et_pb_column_inner][et_pb_column_inner type=&#8221;1_2&#8243; saved_specialty_column_type=&#8221;1_2&#8243; _builder_version=&#8221;3.0.47&#8243;][et_pb_blurb image=&#8221;https:\/\/fefac.cat\/empresarial\/wp-content\/uploads\/2019\/02\/afell.jpg&#8221; alt=&#8221;AFELL &#8211; Associaci\u00f3 de Farmac\u00e8utics Empresaris de Lleida&#8221; _builder_version=&#8221;3.19.13&#8243; text_orientation=&#8221;center&#8221; animation=&#8221;off&#8221; hover_transition_duration=&#8221;0ms&#8221;]<\/p>\n<p>AFELL &#8211; Associaci\u00f3 de Farmac\u00e8utics Empresaris de Lleida<\/p>\n<p>[\/et_pb_blurb][\/et_pb_column_inner][\/et_pb_row_inner][\/et_pb_column][et_pb_column type=&#8221;1_2&#8243; _builder_version=&#8221;3.0.47&#8243;][et_pb_blurb title=&#8221;Col\u00b7laborem amb&#8221; image_max_width=&#8221;76%&#8221; _builder_version=&#8221;3.19.13&#8243; header_level=&#8221;h5&#8243; header_font=&#8221;||||||||&#8221; header_text_align=&#8221;center&#8221; text_orientation=&#8221;center&#8221; custom_margin=&#8221;0px||&#8221; hover_transition_duration=&#8221;0ms&#8221;][\/et_pb_blurb][et_pb_blurb url=&#8221;https:\/\/www.frenaellupus.com\/&#8221; url_new_window=&#8221;on&#8221; image=&#8221;https:\/\/fefac.cat\/empresarial\/wp-content\/uploads\/2019\/02\/frena-el-lupus-logo.jpg&#8221; alt=&#8221;Frena el sol, frena el lupus&#8221; _builder_version=&#8221;3.19.13&#8243; text_orientation=&#8221;center&#8221; animation=&#8221;off&#8221; hover_transition_duration=&#8221;0ms&#8221;][\/et_pb_blurb][et_pb_blurb url=&#8221;http:\/\/lafarmaciaelcor.cat\/&#8221; url_new_window=&#8221;on&#8221; image=&#8221;https:\/\/fefac.cat\/empresarial\/wp-content\/uploads\/2019\/02\/logo-la-farmacia-del-cor1.jpg&#8221; alt=&#8221;La farm\u00e0cia, el cor del barri&#8221; _builder_version=&#8221;3.19.13&#8243; text_orientation=&#8221;center&#8221; animation=&#8221;off&#8221; hover_transition_duration=&#8221;0ms&#8221;][\/et_pb_blurb][\/et_pb_column][\/et_pb_section][et_pb_section fb_built=&#8221;1&#8243; _builder_version=&#8221;3.19.13&#8243; custom_padding=&#8221;0|0px|54px|0px|false|false&#8221; hover_transition_duration=&#8221;0ms&#8221; global_module=&#8221;876&#8243; saved_tabs=&#8221;all&#8221;][et_pb_row _builder_version=&#8221;3.19.11&#8243;][et_pb_column type=&#8221;4_4&#8243; _builder_version=&#8221;3.19.11&#8243;][et_pb_blurb title=&#8221;Amb la col\u00b7laboraci\u00f3 de&#8221; image_max_width=&#8221;76%&#8221; _builder_version=&#8221;3.19.13&#8243; header_level=&#8221;h5&#8243; header_font=&#8221;||||||||&#8221; header_text_align=&#8221;center&#8221; text_orientation=&#8221;center&#8221;][\/et_pb_blurb][\/et_pb_column][\/et_pb_row][et_pb_row use_custom_width=&#8221;on&#8221; custom_width_px=&#8221;580px&#8221; custom_padding=&#8221;0px||0||false|false&#8221; custom_margin=&#8221;-31px||-61px&#8221; padding_top_1=&#8221;0px&#8221; _builder_version=&#8221;3.19.13&#8243;][et_pb_column type=&#8221;1_2&#8243; _builder_version=&#8221;3.19.11&#8243;][et_pb_blurb url=&#8221;http:\/\/ccam.gencat.cat\/ca\/inici&#8221; url_new_window=&#8221;on&#8221; image=&#8221;https:\/\/fefac.cat\/empresarial\/wp-content\/uploads\/2019\/02\/logo_ccam_negre_150.png&#8221; _builder_version=&#8221;3.19.13&#8243; text_orientation=&#8221;center&#8221; animation=&#8221;off&#8221; hover_transition_duration=&#8221;0ms&#8221;][\/et_pb_blurb][\/et_pb_column][et_pb_column type=&#8221;1_2&#8243; _builder_version=&#8221;3.19.11&#8243;][et_pb_blurb url=&#8221;https:\/\/www.caixabank.es\/index_es.html&#8221; url_new_window=&#8221;on&#8221; image=&#8221;https:\/\/fefac.cat\/empresarial\/wp-content\/uploads\/2019\/02\/1280px-logo_caixabanksvg.jpg&#8221; alt=&#8221;CaixaBank&#8221; _builder_version=&#8221;3.19.13&#8243; text_orientation=&#8221;center&#8221; animation=&#8221;off&#8221; hover_transition_duration=&#8221;0ms&#8221;][\/et_pb_blurb][\/et_pb_column][\/et_pb_row][\/et_pb_section]<\/p>\n","protected":false},"excerpt":{"rendered":"<p>[et_pb_dcsbcm_divi_breadcrumbs_module hide_homebreadcrumb=&#8221;off&#8221; homebreadcrumbtext=&#8221;Inici&#8221; separator=&#8221;sep-pipe&#8221; _builder_version=&#8221;3.19.13&#8243; fontsbreadcrumbs_font=&#8221;||||||||&#8221; custom_margin=&#8221;0px||0px&#8221;][\/et_pb_dcsbcm_divi_breadcrumbs_module]T\u2019informem de totes les novetats del sector que t\u2019afecten.\u00a0Rep la nostra newsletter en el teu correu electr\u00f2nic. FEFAC mant\u00e9 al dia als seus associats [&hellip;]<\/p>\n","protected":false},"author":1,"featured_media":0,"parent":479,"menu_order":0,"comment_status":"closed","ping_status":"closed","template":"","meta":{"_et_pb_use_builder":"on","_et_pb_old_content":"","_et_gb_content_width":"","footnotes":""},"class_list":["post-593","page","type-page","status-publish","hentry"],"yoast_head":"<!-- This site is optimized with the Yoast SEO plugin v27.4 - https:\/\/yoast.com\/product\/yoast-seo-wordpress\/ -->\n<title>Noticies del sector - FEFAC<\/title>\n<meta name=\"robots\" content=\"index, follow, max-snippet:-1, max-image-preview:large, max-video-preview:-1\" \/>\n<link rel=\"canonical\" href=\"https:\/\/fefac.cat\/empresarial\/serveis\/serveis-noticies\/\" \/>\n<meta property=\"og:locale\" content=\"ca_ES\" \/>\n<meta property=\"og:type\" content=\"article\" \/>\n<meta property=\"og:title\" content=\"Noticies del sector - FEFAC\" \/>\n<meta property=\"og:description\" content=\"[et_pb_dcsbcm_divi_breadcrumbs_module hide_homebreadcrumb=&quot;off&quot; homebreadcrumbtext=&quot;Inici&quot; separator=&quot;sep-pipe&quot; _builder_version=&quot;3.19.13&quot; fontsbreadcrumbs_font=&quot;||||||||&quot; custom_margin=&quot;0px||0px&quot;][\/et_pb_dcsbcm_divi_breadcrumbs_module]T\u2019informem de totes les novetats del sector que t\u2019afecten.\u00a0Rep la nostra newsletter en el teu correu electr\u00f2nic. FEFAC mant\u00e9 al dia als seus associats [&hellip;]\" \/>\n<meta property=\"og:url\" content=\"https:\/\/fefac.cat\/empresarial\/serveis\/serveis-noticies\/\" \/>\n<meta property=\"og:site_name\" content=\"FEFAC\" \/>\n<meta property=\"article:modified_time\" content=\"2019-03-26T15:21:43+00:00\" \/>\n<meta name=\"twitter:card\" content=\"summary_large_image\" \/>\n<meta name=\"twitter:label1\" content=\"Temps estimat de lectura\" \/>\n\t<meta name=\"twitter:data1\" content=\"8 minuts\" \/>\n<script type=\"application\/ld+json\" class=\"yoast-schema-graph\">{\"@context\":\"https:\\\/\\\/schema.org\",\"@graph\":[{\"@type\":\"WebPage\",\"@id\":\"https:\\\/\\\/fefac.cat\\\/empresarial\\\/serveis\\\/serveis-noticies\\\/\",\"url\":\"https:\\\/\\\/fefac.cat\\\/empresarial\\\/serveis\\\/serveis-noticies\\\/\",\"name\":\"Noticies del sector - FEFAC\",\"isPartOf\":{\"@id\":\"https:\\\/\\\/fefac.cat\\\/empresarial\\\/#website\"},\"datePublished\":\"2019-02-12T16:51:07+00:00\",\"dateModified\":\"2019-03-26T15:21:43+00:00\",\"breadcrumb\":{\"@id\":\"https:\\\/\\\/fefac.cat\\\/empresarial\\\/serveis\\\/serveis-noticies\\\/#breadcrumb\"},\"inLanguage\":\"ca\",\"potentialAction\":[{\"@type\":\"ReadAction\",\"target\":[\"https:\\\/\\\/fefac.cat\\\/empresarial\\\/serveis\\\/serveis-noticies\\\/\"]}]},{\"@type\":\"BreadcrumbList\",\"@id\":\"https:\\\/\\\/fefac.cat\\\/empresarial\\\/serveis\\\/serveis-noticies\\\/#breadcrumb\",\"itemListElement\":[{\"@type\":\"ListItem\",\"position\":1,\"name\":\"Home\",\"item\":\"https:\\\/\\\/fefac.cat\\\/empresarial\\\/\"},{\"@type\":\"ListItem\",\"position\":2,\"name\":\"Serveis\",\"item\":\"https:\\\/\\\/fefac.cat\\\/empresarial\\\/serveis\\\/\"},{\"@type\":\"ListItem\",\"position\":3,\"name\":\"Noticies del sector\"}]},{\"@type\":\"WebSite\",\"@id\":\"https:\\\/\\\/fefac.cat\\\/empresarial\\\/#website\",\"url\":\"https:\\\/\\\/fefac.cat\\\/empresarial\\\/\",\"name\":\"FEFAC\",\"description\":\"Federaci\u00f3 d&#039;Associacions de Farm\u00e0cies de Catalunya\",\"potentialAction\":[{\"@type\":\"SearchAction\",\"target\":{\"@type\":\"EntryPoint\",\"urlTemplate\":\"https:\\\/\\\/fefac.cat\\\/empresarial\\\/?s={search_term_string}\"},\"query-input\":{\"@type\":\"PropertyValueSpecification\",\"valueRequired\":true,\"valueName\":\"search_term_string\"}}],\"inLanguage\":\"ca\"}]}<\/script>\n<!-- \/ Yoast SEO plugin. -->","yoast_head_json":{"title":"Noticies del sector - FEFAC","robots":{"index":"index","follow":"follow","max-snippet":"max-snippet:-1","max-image-preview":"max-image-preview:large","max-video-preview":"max-video-preview:-1"},"canonical":"https:\/\/fefac.cat\/empresarial\/serveis\/serveis-noticies\/","og_locale":"ca_ES","og_type":"article","og_title":"Noticies del sector - FEFAC","og_description":"[et_pb_dcsbcm_divi_breadcrumbs_module hide_homebreadcrumb=\"off\" homebreadcrumbtext=\"Inici\" separator=\"sep-pipe\" _builder_version=\"3.19.13\" fontsbreadcrumbs_font=\"||||||||\" custom_margin=\"0px||0px\"][\/et_pb_dcsbcm_divi_breadcrumbs_module]T\u2019informem de totes les novetats del sector que t\u2019afecten.\u00a0Rep la nostra newsletter en el teu correu electr\u00f2nic. FEFAC mant\u00e9 al dia als seus associats [&hellip;]","og_url":"https:\/\/fefac.cat\/empresarial\/serveis\/serveis-noticies\/","og_site_name":"FEFAC","article_modified_time":"2019-03-26T15:21:43+00:00","twitter_card":"summary_large_image","twitter_misc":{"Temps estimat de lectura":"8 minuts"},"schema":{"@context":"https:\/\/schema.org","@graph":[{"@type":"WebPage","@id":"https:\/\/fefac.cat\/empresarial\/serveis\/serveis-noticies\/","url":"https:\/\/fefac.cat\/empresarial\/serveis\/serveis-noticies\/","name":"Noticies del sector - FEFAC","isPartOf":{"@id":"https:\/\/fefac.cat\/empresarial\/#website"},"datePublished":"2019-02-12T16:51:07+00:00","dateModified":"2019-03-26T15:21:43+00:00","breadcrumb":{"@id":"https:\/\/fefac.cat\/empresarial\/serveis\/serveis-noticies\/#breadcrumb"},"inLanguage":"ca","potentialAction":[{"@type":"ReadAction","target":["https:\/\/fefac.cat\/empresarial\/serveis\/serveis-noticies\/"]}]},{"@type":"BreadcrumbList","@id":"https:\/\/fefac.cat\/empresarial\/serveis\/serveis-noticies\/#breadcrumb","itemListElement":[{"@type":"ListItem","position":1,"name":"Home","item":"https:\/\/fefac.cat\/empresarial\/"},{"@type":"ListItem","position":2,"name":"Serveis","item":"https:\/\/fefac.cat\/empresarial\/serveis\/"},{"@type":"ListItem","position":3,"name":"Noticies del sector"}]},{"@type":"WebSite","@id":"https:\/\/fefac.cat\/empresarial\/#website","url":"https:\/\/fefac.cat\/empresarial\/","name":"FEFAC","description":"Federaci\u00f3 d&#039;Associacions de Farm\u00e0cies de Catalunya","potentialAction":[{"@type":"SearchAction","target":{"@type":"EntryPoint","urlTemplate":"https:\/\/fefac.cat\/empresarial\/?s={search_term_string}"},"query-input":{"@type":"PropertyValueSpecification","valueRequired":true,"valueName":"search_term_string"}}],"inLanguage":"ca"}]}},"_links":{"self":[{"href":"https:\/\/fefac.cat\/empresarial\/wp-json\/wp\/v2\/pages\/593","targetHints":{"allow":["GET"]}}],"collection":[{"href":"https:\/\/fefac.cat\/empresarial\/wp-json\/wp\/v2\/pages"}],"about":[{"href":"https:\/\/fefac.cat\/empresarial\/wp-json\/wp\/v2\/types\/page"}],"author":[{"embeddable":true,"href":"https:\/\/fefac.cat\/empresarial\/wp-json\/wp\/v2\/users\/1"}],"replies":[{"embeddable":true,"href":"https:\/\/fefac.cat\/empresarial\/wp-json\/wp\/v2\/comments?post=593"}],"version-history":[{"count":0,"href":"https:\/\/fefac.cat\/empresarial\/wp-json\/wp\/v2\/pages\/593\/revisions"}],"up":[{"embeddable":true,"href":"https:\/\/fefac.cat\/empresarial\/wp-json\/wp\/v2\/pages\/479"}],"wp:attachment":[{"href":"https:\/\/fefac.cat\/empresarial\/wp-json\/wp\/v2\/media?parent=593"}],"curies":[{"name":"wp","href":"https:\/\/api.w.org\/{rel}","templated":true}]}}