{"id":9626,"date":"2019-02-19T18:53:41","date_gmt":"2019-02-19T17:53:41","guid":{"rendered":"http:\/\/fefac.cat\/empresarial\/?page_id=9626"},"modified":"2025-03-10T21:46:40","modified_gmt":"2025-03-10T20:46:40","slug":"actualitat-farmacies-2-2","status":"publish","type":"page","link":"https:\/\/fefac.cat\/empresarial\/actualitat-farmacies-2-2\/","title":{"rendered":"Actualitat"},"content":{"rendered":"<p>[et_pb_section fb_built=&#8221;1&#8243; admin_label=&#8221;Blog&#8221; _builder_version=&#8221;4.16&#8243; background_color=&#8221;#ffffff&#8221; custom_padding=&#8221;25px|0px|0|0px|false|false&#8221; global_colors_info=&#8221;{}&#8221;][et_pb_row _builder_version=&#8221;4.24.0&#8243; custom_padding=&#8221;0px|0px|70px|0px|false|false&#8221; global_colors_info=&#8221;{}&#8221;][et_pb_column type=&#8221;4_4&#8243; _builder_version=&#8221;4.16&#8243; custom_padding=&#8221;|||&#8221; global_colors_info=&#8221;{}&#8221; custom_padding__hover=&#8221;|||&#8221;][et_pb_search button_color=&#8221;#C01906&#8243; disabled_on=&#8221;off|off|off&#8221; module_class=&#8221;custom-search&#8221; _builder_version=&#8221;4.24.2&#8243; button_font=&#8221;||||||||&#8221; button_text_color=&#8221;#FFFFFF&#8221; border_color_all=&#8221;#bfbfbf&#8221; global_colors_info=&#8221;{}&#8221;][\/et_pb_search][et_pb_blog fullwidth=&#8221;off&#8221; posts_number=&#8221;20&#8243; include_categories=&#8221;11,12,13,14,15,2070&#8243; meta_date=&#8221;j M, Y&#8221; show_more=&#8221;on&#8221; show_author=&#8221;off&#8221; _builder_version=&#8221;4.27.4&#8243; header_line_height=&#8221;1.4em&#8221; meta_text_color=&#8221;#000000&#8243; hover_enabled=&#8221;0&#8243; global_colors_info=&#8221;{}&#8221; sticky_enabled=&#8221;0&#8243;][\/et_pb_blog][\/et_pb_column][\/et_pb_row][\/et_pb_section][et_pb_section fb_built=&#8221;1&#8243; admin_label=&#8221;Footer&#8221; _builder_version=&#8221;4.23.1&#8243; display_conditions=&#8221;W3siaWQiOiJiN2I3OGZhNy01ODgwLTRjODYtYmZlNS02MjI3NWZmMTY0ZTAiLCJjb25kaXRpb24iOiJ1cmxQYXJhbWV0ZXIiLCJjb25kaXRpb25TZXR0aW5ncyI6eyJzZWxlY3RVcmxQYXJhbWV0ZXIiOiJzcGVjaWZpY1VybFBhcmFtZXRlciIsInVybFBhcmFtZXRlck5hbWUiOiJhcHAiLCJkaXNwbGF5UnVsZSI6ImRvZXNOb3RFeGlzdCIsInVybFBhcmFtZXRlclZhbHVlIjoiVVJMIFBhcmFtZXRlciBWYWx1ZSIsImFkbWluTGFiZWwiOiJVUkwgUGFyYW1ldGVyIiwiZW5hYmxlQ29uZGl0aW9uIjoib24ifSwib3BlcmF0b3IiOiJPUiJ9XQ==&#8221; custom_margin=&#8221;0px||1px&#8221; custom_padding=&#8221;19px|0px|11px|0px|false|false&#8221; animation_style=&#8221;zoom&#8221; animation_direction=&#8221;bottom&#8221; animation_intensity_zoom=&#8221;6%&#8221; animation_starting_opacity=&#8221;100%&#8221; global_module=&#8221;883&#8243; saved_tabs=&#8221;all&#8221; locked=&#8221;off&#8221; global_colors_info=&#8221;{}&#8221;][et_pb_row column_structure=&#8221;1_3,1_3,1_3&#8243; make_equal=&#8221;on&#8221; _builder_version=&#8221;4.16&#8243; max_width=&#8221;951px&#8221; module_alignment=&#8221;center&#8221; custom_margin=&#8221;-30px|||&#8221; custom_padding=&#8221;30px|25px|19px|25px|false|false&#8221; hover_transition_duration=&#8221;0ms&#8221; use_custom_width=&#8221;on&#8221; custom_width_px=&#8221;951px&#8221; global_colors_info=&#8221;{}&#8221;][et_pb_column type=&#8221;1_3&#8243; _builder_version=&#8221;4.16&#8243; custom_padding=&#8221;|||&#8221; global_colors_info=&#8221;{}&#8221; custom_padding__hover=&#8221;|||&#8221;][et_pb_blurb title=&#8221;Ubicaci\u00f3&#8221; image=&#8221;https:\/\/fefac.cat\/empresarial\/wp-content\/uploads\/2019\/02\/if_location_pin_logo_social_media_1071018.png&#8221; icon_placement=&#8221;left&#8221; _builder_version=&#8221;4.16&#8243; animation=&#8221;off&#8221; hover_transition_duration=&#8221;0ms&#8221; border_width_all=&#8221;-2px&#8221; border_color_all=&#8221;#b7b7b7&#8243; border_width_right=&#8221;1px&#8221; border_color_right=&#8221;#939393&#8243; global_colors_info=&#8221;{}&#8221;]<\/p>\n<p style=\"text-align: left;\">C\/ Casanova, 84-86 Entr. 1\u00aaC<br \/> 08011 Barcelona<\/p>\n<p>[\/et_pb_blurb][\/et_pb_column][et_pb_column type=&#8221;1_3&#8243; _builder_version=&#8221;4.16&#8243; custom_padding=&#8221;|||&#8221; global_colors_info=&#8221;{}&#8221; custom_padding__hover=&#8221;|||&#8221;][et_pb_blurb title=&#8221;Tel\u00e8fon&#8221; image=&#8221;https:\/\/fefac.cat\/empresarial\/wp-content\/uploads\/2019\/02\/if_phone_logo_social_media_1078686.png&#8221; icon_placement=&#8221;left&#8221; _builder_version=&#8221;4.16&#8243; body_font=&#8221;||||||||&#8221; body_text_align=&#8221;center&#8221; animation=&#8221;off&#8221; hover_transition_duration=&#8221;0ms&#8221; border_color_all=&#8221;rgba(0,0,0,0)&#8221; border_color_right=&#8221;#b7b7b7&#8243; global_colors_info=&#8221;{}&#8221;]<\/p>\n<p style=\"text-align: left;\">Tel. 93 323 24 22<\/p>\n<p>[\/et_pb_blurb][\/et_pb_column][et_pb_column type=&#8221;1_3&#8243; _builder_version=&#8221;4.16&#8243; custom_padding=&#8221;|||&#8221; global_colors_info=&#8221;{}&#8221; custom_padding__hover=&#8221;|||&#8221;][et_pb_blurb title=&#8221;Contacte&#8221; image=&#8221;https:\/\/fefac.cat\/empresarial\/wp-content\/uploads\/2019\/02\/if_email_mail_envelope_send_message_1011336-1.png&#8221; icon_placement=&#8221;left&#8221; _builder_version=&#8221;4.16&#8243; animation=&#8221;off&#8221; hover_transition_duration=&#8221;0ms&#8221; border_width_all=&#8221;-2px&#8221; border_width_right=&#8221;1px&#8221; border_color_right=&#8221;#939393&#8243; global_colors_info=&#8221;{}&#8221;]<\/p>\n<p><a href=\"mailto:fefac@fefac.cat\">fefac@fefac.cat<\/a><\/p>\n<p>[\/et_pb_blurb][\/et_pb_column][\/et_pb_row][et_pb_row _builder_version=&#8221;4.24.2&#8243; _module_preset=&#8221;default&#8221; custom_padding=&#8221;5px||3px|||&#8221; global_colors_info=&#8221;{}&#8221;][et_pb_column type=&#8221;4_4&#8243; _builder_version=&#8221;4.24.2&#8243; _module_preset=&#8221;default&#8221; global_colors_info=&#8221;{}&#8221;][et_pb_social_media_follow use_icon_font_size=&#8221;on&#8221; icon_font_size=&#8221;20px&#8221; module_class=&#8221;ivoox-icon&#8221; _builder_version=&#8221;4.24.2&#8243; text_orientation=&#8221;center&#8221; custom_margin=&#8221;||22px|||&#8221; hover_transition_duration=&#8221;0ms&#8221; locked=&#8221;off&#8221; global_colors_info=&#8221;{}&#8221;][et_pb_social_media_follow_network social_network=&#8221;twitter&#8221; url=&#8221;https:\/\/twitter.com\/FEFAC_farmacia&#8221; _builder_version=&#8221;4.22.2&#8243; background_color=&#8221;#000000&#8243; global_colors_info=&#8221;{}&#8221; follow_button=&#8221;off&#8221; url_new_window=&#8221;on&#8221;]twitter[\/et_pb_social_media_follow_network][et_pb_social_media_follow_network social_network=&#8221;linkedin&#8221; url=&#8221;https:\/\/es.linkedin.com\/company\/fefac&#8221; _builder_version=&#8221;4.16&#8243; background_color=&#8221;#007bb6&#8243; global_colors_info=&#8221;{}&#8221; follow_button=&#8221;off&#8221; url_new_window=&#8221;on&#8221;]linkedin[\/et_pb_social_media_follow_network][et_pb_social_media_follow_network social_network=&#8221;youtube&#8221; url=&#8221;https:\/\/www.youtube.com\/channel\/UCTHQn9k6WpddULR_hesMrBw\/featured&#8221; _builder_version=&#8221;4.16&#8243; background_color=&#8221;#a82400&#8243; global_colors_info=&#8221;{}&#8221; follow_button=&#8221;off&#8221; url_new_window=&#8221;on&#8221;]youtube[\/et_pb_social_media_follow_network][et_pb_social_media_follow_network social_network=&#8221;facebook&#8221; url=&#8221;https:\/\/www.facebook.com\/fefac.cat\/&#8221; _builder_version=&#8221;4.24.2&#8243; _module_preset=&#8221;default&#8221; background_color=&#8221;#3b5998&#8243; global_colors_info=&#8221;{}&#8221; follow_button=&#8221;off&#8221; url_new_window=&#8221;on&#8221;]facebook[\/et_pb_social_media_follow_network][et_pb_social_media_follow_network social_network=&#8221;instagram&#8221; url=&#8221;https:\/\/www.instagram.com\/fefac.cat\/&#8221; _builder_version=&#8221;4.24.2&#8243; _module_preset=&#8221;default&#8221; background_color=&#8221;#ea2c59&#8243; global_colors_info=&#8221;{}&#8221; follow_button=&#8221;off&#8221; url_new_window=&#8221;on&#8221;]instagram[\/et_pb_social_media_follow_network][\/et_pb_social_media_follow][\/et_pb_column][\/et_pb_row][\/et_pb_section][et_pb_section fb_built=&#8221;1&#8243; specialty=&#8221;on&#8221; _builder_version=&#8221;4.23.1&#8243; display_conditions=&#8221;W3siaWQiOiJjOWQ3NmIzMS1hZjlhLTRhMWMtYjRiNy00OGE0ZGE1NjU5MTMiLCJjb25kaXRpb24iOiJ1cmxQYXJhbWV0ZXIiLCJjb25kaXRpb25TZXR0aW5ncyI6eyJzZWxlY3RVcmxQYXJhbWV0ZXIiOiJzcGVjaWZpY1VybFBhcmFtZXRlciIsInVybFBhcmFtZXRlck5hbWUiOiJhcHAiLCJkaXNwbGF5UnVsZSI6ImRvZXNOb3RFeGlzdCIsInVybFBhcmFtZXRlclZhbHVlIjoiVVJMIFBhcmFtZXRlciBWYWx1ZSIsImFkbWluTGFiZWwiOiJVUkwgUGFyYW1ldGVyIiwiZW5hYmxlQ29uZGl0aW9uIjoib24ifSwib3BlcmF0b3IiOiJPUiJ9XQ==&#8221; custom_margin=&#8221;1px|||||&#8221; custom_padding=&#8221;40px|0px|44px|0px|false|false&#8221; top_divider_arrangement=&#8221;above_content&#8221; bottom_divider_height=&#8221;32px&#8221; hover_transition_duration=&#8221;0ms&#8221; border_width_top=&#8221;-1px&#8221; border_color_top=&#8221;#d6d6d6&#8243; border_width_right=&#8221;-1px&#8221; box_shadow_style=&#8221;preset1&#8243; global_module=&#8221;884&#8243; saved_tabs=&#8221;all&#8221; global_colors_info=&#8221;{}&#8221;][et_pb_column type=&#8221;1_2&#8243; specialty_columns=&#8221;2&#8243; _builder_version=&#8221;4.16&#8243; custom_padding=&#8221;|||&#8221; global_colors_info=&#8221;{}&#8221; custom_padding__hover=&#8221;|||&#8221;][et_pb_row_inner _builder_version=&#8221;4.16&#8243; custom_padding=&#8221;0|0|21px|0px|false|false&#8221; hover_transition_duration=&#8221;0ms&#8221; global_colors_info=&#8221;{}&#8221;][et_pb_column_inner saved_specialty_column_type=&#8221;1_2&#8243; _builder_version=&#8221;4.16&#8243; custom_padding=&#8221;|||&#8221; global_colors_info=&#8221;{}&#8221; custom_padding__hover=&#8221;|||&#8221;][et_pb_blurb title=&#8221;Empresarials que formen part de la FEFAC&#8221; image_icon_width=&#8221;76%&#8221; _builder_version=&#8221;4.19.4&#8243; header_font=&#8221;|700|||||||&#8221; header_text_align=&#8221;center&#8221; text_orientation=&#8221;center&#8221; custom_padding=&#8221;10px||&#8221; border_width_all=&#8221;-1px&#8221; border_color_all=&#8221;rgba(0,0,0,0)&#8221; border_color_bottom=&#8221;#000000&#8243; box_shadow_style=&#8221;preset3&#8243; box_shadow_color=&#8221;rgba(0,0,0,0)&#8221; image_max_width=&#8221;76%&#8221; global_colors_info=&#8221;{}&#8221;][\/et_pb_blurb][\/et_pb_column_inner][\/et_pb_row_inner][et_pb_row_inner column_structure=&#8221;1_2,1_2&#8243; _builder_version=&#8221;4.16&#8243; custom_padding=&#8221;0|0px|0|0px|false|false&#8221; hover_transition_duration=&#8221;0ms&#8221; global_colors_info=&#8221;{}&#8221;][et_pb_column_inner type=&#8221;1_2&#8243; saved_specialty_column_type=&#8221;1_2&#8243; _builder_version=&#8221;4.16&#8243; custom_padding=&#8221;|||&#8221; global_colors_info=&#8221;{}&#8221; custom_padding__hover=&#8221;|||&#8221;][et_pb_blurb image=&#8221;https:\/\/fefac.cat\/empresarial\/wp-content\/uploads\/2019\/02\/afb.jpg&#8221; alt=&#8221;A.G.F.E Associaci\u00f3 Gironina Farmac\u00e8utica Empresarial&#8221; _builder_version=&#8221;4.16&#8243; text_orientation=&#8221;center&#8221; animation=&#8221;off&#8221; hover_transition_duration=&#8221;0ms&#8221; global_colors_info=&#8221;{}&#8221;]<\/p>\n<p>AFB &#8211; Associaci\u00f3 de Farm\u00e0cies de Barcelona<\/p>\n<p>[\/et_pb_blurb][\/et_pb_column_inner][et_pb_column_inner type=&#8221;1_2&#8243; saved_specialty_column_type=&#8221;1_2&#8243; _builder_version=&#8221;4.16&#8243; custom_padding=&#8221;|||&#8221; global_colors_info=&#8221;{}&#8221; custom_padding__hover=&#8221;|||&#8221;][et_pb_blurb image=&#8221;https:\/\/fefac.cat\/empresarial\/wp-content\/uploads\/2019\/02\/afet.jpg&#8221; alt=&#8221;AFET &#8211; Associaci\u00f3 Gironina Farmac\u00e8utica Empresarial&#8221; _builder_version=&#8221;4.16&#8243; text_orientation=&#8221;center&#8221; animation=&#8221;off&#8221; hover_transition_duration=&#8221;0ms&#8221; global_colors_info=&#8221;{}&#8221;]<\/p>\n<p>AFET &#8211; Associaci\u00f3 de Farmac\u00e8utics amb Oficina de Farm\u00e0cia a Tarragona<\/p>\n<p>[\/et_pb_blurb][\/et_pb_column_inner][\/et_pb_row_inner][et_pb_row_inner column_structure=&#8221;1_2,1_2&#8243; _builder_version=&#8221;4.16&#8243; custom_padding=&#8221;5px|0px|0|0px|false|false&#8221; global_colors_info=&#8221;{}&#8221;][et_pb_column_inner type=&#8221;1_2&#8243; saved_specialty_column_type=&#8221;1_2&#8243; _builder_version=&#8221;4.16&#8243; custom_padding=&#8221;|||&#8221; global_colors_info=&#8221;{}&#8221; custom_padding__hover=&#8221;|||&#8221;][et_pb_blurb image=&#8221;https:\/\/fefac.cat\/empresarial\/wp-content\/uploads\/2019\/02\/agfe.jpg&#8221; alt=&#8221;A.G.F.E Associaci\u00f3 Gironina Farmac\u00e8utica Empresarial&#8221; _builder_version=&#8221;4.16&#8243; text_orientation=&#8221;center&#8221; hover_transition_duration=&#8221;0ms&#8221; global_colors_info=&#8221;{}&#8221;]<\/p>\n<p>A.G.F.E &#8211; Associaci\u00f3 Gironina Farmac\u00e8utica Empresarial<\/p>\n<p>[\/et_pb_blurb][\/et_pb_column_inner][et_pb_column_inner type=&#8221;1_2&#8243; saved_specialty_column_type=&#8221;1_2&#8243; _builder_version=&#8221;4.16&#8243; custom_padding=&#8221;|||&#8221; global_colors_info=&#8221;{}&#8221; custom_padding__hover=&#8221;|||&#8221;][et_pb_blurb image=&#8221;https:\/\/fefac.cat\/empresarial\/wp-content\/uploads\/2019\/02\/afell.jpg&#8221; alt=&#8221;AFELL &#8211; Associaci\u00f3 de Farmac\u00e8utics Empresaris de Lleida&#8221; _builder_version=&#8221;4.16&#8243; text_orientation=&#8221;center&#8221; animation=&#8221;off&#8221; hover_transition_duration=&#8221;0ms&#8221; global_colors_info=&#8221;{}&#8221;]<\/p>\n<p>AFELL &#8211; Associaci\u00f3 de Farmac\u00e8utics Empresaris de Lleida<\/p>\n<p>[\/et_pb_blurb][\/et_pb_column_inner][\/et_pb_row_inner][\/et_pb_column][et_pb_column type=&#8221;1_2&#8243; _builder_version=&#8221;4.16&#8243; custom_padding=&#8221;|||&#8221; global_colors_info=&#8221;{}&#8221; custom_padding__hover=&#8221;|||&#8221;][et_pb_blurb title=&#8221;Creadors del projecte&#8221; image_icon_width=&#8221;76%&#8221; _builder_version=&#8221;4.19.4&#8243; header_level=&#8221;h5&#8243; header_font=&#8221;||||||||&#8221; header_text_align=&#8221;center&#8221; text_orientation=&#8221;center&#8221; display_conditions=&#8221;W3siaWQiOiJiNDU3NzBlZS03MmM4LTQ1YzEtYTA0YS0yODk2ZjVmYjg2ODEiLCJjb25kaXRpb24iOiJwYWdlIiwiY29uZGl0aW9uU2V0dGluZ3MiOnsiZGlzcGxheVJ1bGUiOiJpc05vdCIsImR5bmFtaWNQb3N0cyI6W3sibGFiZWwiOiJGdW5kYWNpw7MiLCJ2YWx1ZSI6IjIzMTQ2NiJ9XSwicG9zdFR5cGVMYWJlbCI6IlDDoGdpbmVzIiwiYWRtaW5MYWJlbCI6IlDDoGdpbmVzIiwiZW5hYmxlQ29uZGl0aW9uIjoib24ifSwib3BlcmF0b3IiOiJPUiJ9XQ==&#8221; custom_margin=&#8221;0px||&#8221; hover_transition_duration=&#8221;0ms&#8221; image_max_width=&#8221;76%&#8221; global_colors_info=&#8221;{}&#8221;][\/et_pb_blurb][et_pb_blurb url=&#8221;https:\/\/www.frenaellupus.com\/&#8221; url_new_window=&#8221;on&#8221; image=&#8221;https:\/\/fefac.cat\/empresarial\/wp-content\/uploads\/2019\/02\/frena-el-lupus-logo.jpg&#8221; alt=&#8221;Frena el sol, frena el lupus&#8221; _builder_version=&#8221;4.18.0&#8243; text_orientation=&#8221;center&#8221; display_conditions=&#8221;W3siaWQiOiI4ZDJhODkxMC03N2Y2LTRjMTYtYWE5MC1lNTgzYTM2NWVjNDQiLCJjb25kaXRpb24iOiJwYWdlIiwiY29uZGl0aW9uU2V0dGluZ3MiOnsiZGlzcGxheVJ1bGUiOiJpc05vdCIsImR5bmFtaWNQb3N0cyI6W3sibGFiZWwiOiJGdW5kYWNpw7MiLCJ2YWx1ZSI6IjIzMTQ2NiJ9XSwicG9zdFR5cGVMYWJlbCI6IlDDoGdpbmVzIiwiYWRtaW5MYWJlbCI6IlDDoGdpbmVzIiwiZW5hYmxlQ29uZGl0aW9uIjoib24ifSwib3BlcmF0b3IiOiJPUiJ9XQ==&#8221; animation=&#8221;off&#8221; hover_transition_duration=&#8221;0ms&#8221; global_colors_info=&#8221;{}&#8221;][\/et_pb_blurb][\/et_pb_column][\/et_pb_section][et_pb_section fb_built=&#8221;1&#8243; _builder_version=&#8221;4.23.1&#8243; display_conditions=&#8221;W3siaWQiOiIyZjcxODU2ZS0wZGVhLTRkNzItOTI5NS02NDdhZjEzMzFkYzEiLCJjb25kaXRpb24iOiJ1cmxQYXJhbWV0ZXIiLCJjb25kaXRpb25TZXR0aW5ncyI6eyJzZWxlY3RVcmxQYXJhbWV0ZXIiOiJzcGVjaWZpY1VybFBhcmFtZXRlciIsInVybFBhcmFtZXRlck5hbWUiOiJhcHAiLCJkaXNwbGF5UnVsZSI6ImRvZXNOb3RFeGlzdCIsInVybFBhcmFtZXRlclZhbHVlIjoiVVJMIFBhcmFtZXRlciBWYWx1ZSIsImFkbWluTGFiZWwiOiJVUkwgUGFyYW1ldGVyIiwiZW5hYmxlQ29uZGl0aW9uIjoib24ifSwib3BlcmF0b3IiOiJPUiJ9XQ==&#8221; custom_padding=&#8221;0|0px|54px|0px|false|false&#8221; hover_transition_duration=&#8221;0ms&#8221; global_module=&#8221;876&#8243; saved_tabs=&#8221;all&#8221; global_colors_info=&#8221;{}&#8221;][et_pb_row _builder_version=&#8221;4.16&#8243; global_colors_info=&#8221;{}&#8221;][et_pb_column type=&#8221;4_4&#8243; _builder_version=&#8221;4.16&#8243; custom_padding=&#8221;|||&#8221; global_colors_info=&#8221;{}&#8221; custom_padding__hover=&#8221;|||&#8221;][et_pb_blurb title=&#8221;Amb la col\u00b7laboraci\u00f3 de&#8221; image_icon_width=&#8221;76%&#8221; _builder_version=&#8221;4.16&#8243; header_level=&#8221;h5&#8243; header_font=&#8221;||||||||&#8221; header_text_align=&#8221;center&#8221; text_orientation=&#8221;center&#8221; image_max_width=&#8221;76%&#8221; global_colors_info=&#8221;{}&#8221;][\/et_pb_blurb][\/et_pb_column][\/et_pb_row][et_pb_row column_structure=&#8221;1_2,1_2&#8243; _builder_version=&#8221;4.16&#8243; max_width=&#8221;580px&#8221; custom_margin=&#8221;-31px||-61px&#8221; custom_padding=&#8221;0px||0||false|false&#8221; use_custom_width=&#8221;on&#8221; custom_width_px=&#8221;580px&#8221; global_colors_info=&#8221;{}&#8221;][et_pb_column type=&#8221;1_2&#8243; _builder_version=&#8221;4.16&#8243; custom_padding=&#8221;0px|||&#8221; global_colors_info=&#8221;{}&#8221; custom_padding__hover=&#8221;|||&#8221;][et_pb_blurb url=&#8221;http:\/\/ccam.gencat.cat\/ca\/inici&#8221; url_new_window=&#8221;on&#8221; image=&#8221;https:\/\/fefac.cat\/empresarial\/wp-content\/uploads\/2019\/02\/logo_ccam_negre_150.png&#8221; _builder_version=&#8221;4.16&#8243; text_orientation=&#8221;center&#8221; animation=&#8221;off&#8221; hover_transition_duration=&#8221;0ms&#8221; global_colors_info=&#8221;{}&#8221;][\/et_pb_blurb][\/et_pb_column][et_pb_column type=&#8221;1_2&#8243; _builder_version=&#8221;4.16&#8243; custom_padding=&#8221;|||&#8221; global_colors_info=&#8221;{}&#8221; custom_padding__hover=&#8221;|||&#8221;][et_pb_blurb url=&#8221;https:\/\/www.caixabank.es\/index_es.html&#8221; url_new_window=&#8221;on&#8221; image=&#8221;https:\/\/fefac.cat\/empresarial\/wp-content\/uploads\/2019\/02\/1280px-logo_caixabanksvg.jpg&#8221; alt=&#8221;CaixaBank&#8221; _builder_version=&#8221;4.16&#8243; text_orientation=&#8221;center&#8221; animation=&#8221;off&#8221; hover_transition_duration=&#8221;0ms&#8221; global_colors_info=&#8221;{}&#8221;][\/et_pb_blurb][\/et_pb_column][\/et_pb_row][\/et_pb_section]<\/p>\n","protected":false},"excerpt":{"rendered":"<p>C\/ Casanova, 84-86 Entr. 1\u00aaC 08011 BarcelonaTel. 93 323 24 22fefac@fefac.catAFB &#8211; Associaci\u00f3 de Farm\u00e0cies de BarcelonaAFET &#8211; Associaci\u00f3 de Farmac\u00e8utics amb Oficina de Farm\u00e0cia a TarragonaA.G.F.E &#8211; Associaci\u00f3 Gironina [&hellip;]<\/p>\n","protected":false},"author":1,"featured_media":0,"parent":0,"menu_order":0,"comment_status":"closed","ping_status":"closed","template":"","meta":{"_et_pb_use_builder":"on","_et_pb_old_content":"","_et_gb_content_width":"","footnotes":""},"class_list":["post-9626","page","type-page","status-publish","hentry"],"yoast_head":"<!-- This site is optimized with the Yoast SEO plugin v27.5 - https:\/\/yoast.com\/product\/yoast-seo-wordpress\/ -->\n<title>Actualitat - FEFAC<\/title>\n<meta name=\"robots\" content=\"index, follow, max-snippet:-1, max-image-preview:large, max-video-preview:-1\" \/>\n<link rel=\"canonical\" href=\"https:\/\/fefac.cat\/empresarial\/actualitat-farmacies-2-2\/\" \/>\n<meta property=\"og:locale\" content=\"ca_ES\" \/>\n<meta property=\"og:type\" content=\"article\" \/>\n<meta property=\"og:title\" content=\"Actualitat - FEFAC\" \/>\n<meta property=\"og:description\" content=\"C\/ Casanova, 84-86 Entr. 1\u00aaC 08011 BarcelonaTel. 93 323 24 22fefac@fefac.catAFB - Associaci\u00f3 de Farm\u00e0cies de BarcelonaAFET - Associaci\u00f3 de Farmac\u00e8utics amb Oficina de Farm\u00e0cia a TarragonaA.G.F.E - Associaci\u00f3 Gironina [&hellip;]\" \/>\n<meta property=\"og:url\" content=\"https:\/\/fefac.cat\/empresarial\/actualitat-farmacies-2-2\/\" \/>\n<meta property=\"og:site_name\" content=\"FEFAC\" \/>\n<meta property=\"article:modified_time\" content=\"2025-03-10T20:46:40+00:00\" \/>\n<meta name=\"twitter:card\" content=\"summary_large_image\" \/>\n<meta name=\"twitter:label1\" content=\"Temps estimat de lectura\" \/>\n\t<meta name=\"twitter:data1\" content=\"9 minuts\" \/>\n<script type=\"application\/ld+json\" class=\"yoast-schema-graph\">{\"@context\":\"https:\\\/\\\/schema.org\",\"@graph\":[{\"@type\":\"WebPage\",\"@id\":\"https:\\\/\\\/fefac.cat\\\/empresarial\\\/actualitat-farmacies-2-2\\\/\",\"url\":\"https:\\\/\\\/fefac.cat\\\/empresarial\\\/actualitat-farmacies-2-2\\\/\",\"name\":\"Actualitat - FEFAC\",\"isPartOf\":{\"@id\":\"https:\\\/\\\/fefac.cat\\\/empresarial\\\/#website\"},\"datePublished\":\"2019-02-19T17:53:41+00:00\",\"dateModified\":\"2025-03-10T20:46:40+00:00\",\"breadcrumb\":{\"@id\":\"https:\\\/\\\/fefac.cat\\\/empresarial\\\/actualitat-farmacies-2-2\\\/#breadcrumb\"},\"inLanguage\":\"ca\",\"potentialAction\":[{\"@type\":\"ReadAction\",\"target\":[\"https:\\\/\\\/fefac.cat\\\/empresarial\\\/actualitat-farmacies-2-2\\\/\"]}]},{\"@type\":\"BreadcrumbList\",\"@id\":\"https:\\\/\\\/fefac.cat\\\/empresarial\\\/actualitat-farmacies-2-2\\\/#breadcrumb\",\"itemListElement\":[{\"@type\":\"ListItem\",\"position\":1,\"name\":\"Home\",\"item\":\"https:\\\/\\\/fefac.cat\\\/empresarial\\\/\"},{\"@type\":\"ListItem\",\"position\":2,\"name\":\"Actualitat\"}]},{\"@type\":\"WebSite\",\"@id\":\"https:\\\/\\\/fefac.cat\\\/empresarial\\\/#website\",\"url\":\"https:\\\/\\\/fefac.cat\\\/empresarial\\\/\",\"name\":\"FEFAC\",\"description\":\"Federaci\u00f3 d&#039;Associacions de Farm\u00e0cies de Catalunya\",\"potentialAction\":[{\"@type\":\"SearchAction\",\"target\":{\"@type\":\"EntryPoint\",\"urlTemplate\":\"https:\\\/\\\/fefac.cat\\\/empresarial\\\/?s={search_term_string}\"},\"query-input\":{\"@type\":\"PropertyValueSpecification\",\"valueRequired\":true,\"valueName\":\"search_term_string\"}}],\"inLanguage\":\"ca\"}]}<\/script>\n<!-- \/ Yoast SEO plugin. -->","yoast_head_json":{"title":"Actualitat - FEFAC","robots":{"index":"index","follow":"follow","max-snippet":"max-snippet:-1","max-image-preview":"max-image-preview:large","max-video-preview":"max-video-preview:-1"},"canonical":"https:\/\/fefac.cat\/empresarial\/actualitat-farmacies-2-2\/","og_locale":"ca_ES","og_type":"article","og_title":"Actualitat - FEFAC","og_description":"C\/ Casanova, 84-86 Entr. 1\u00aaC 08011 BarcelonaTel. 93 323 24 22fefac@fefac.catAFB - Associaci\u00f3 de Farm\u00e0cies de BarcelonaAFET - Associaci\u00f3 de Farmac\u00e8utics amb Oficina de Farm\u00e0cia a TarragonaA.G.F.E - Associaci\u00f3 Gironina [&hellip;]","og_url":"https:\/\/fefac.cat\/empresarial\/actualitat-farmacies-2-2\/","og_site_name":"FEFAC","article_modified_time":"2025-03-10T20:46:40+00:00","twitter_card":"summary_large_image","twitter_misc":{"Temps estimat de lectura":"9 minuts"},"schema":{"@context":"https:\/\/schema.org","@graph":[{"@type":"WebPage","@id":"https:\/\/fefac.cat\/empresarial\/actualitat-farmacies-2-2\/","url":"https:\/\/fefac.cat\/empresarial\/actualitat-farmacies-2-2\/","name":"Actualitat - FEFAC","isPartOf":{"@id":"https:\/\/fefac.cat\/empresarial\/#website"},"datePublished":"2019-02-19T17:53:41+00:00","dateModified":"2025-03-10T20:46:40+00:00","breadcrumb":{"@id":"https:\/\/fefac.cat\/empresarial\/actualitat-farmacies-2-2\/#breadcrumb"},"inLanguage":"ca","potentialAction":[{"@type":"ReadAction","target":["https:\/\/fefac.cat\/empresarial\/actualitat-farmacies-2-2\/"]}]},{"@type":"BreadcrumbList","@id":"https:\/\/fefac.cat\/empresarial\/actualitat-farmacies-2-2\/#breadcrumb","itemListElement":[{"@type":"ListItem","position":1,"name":"Home","item":"https:\/\/fefac.cat\/empresarial\/"},{"@type":"ListItem","position":2,"name":"Actualitat"}]},{"@type":"WebSite","@id":"https:\/\/fefac.cat\/empresarial\/#website","url":"https:\/\/fefac.cat\/empresarial\/","name":"FEFAC","description":"Federaci\u00f3 d&#039;Associacions de Farm\u00e0cies de Catalunya","potentialAction":[{"@type":"SearchAction","target":{"@type":"EntryPoint","urlTemplate":"https:\/\/fefac.cat\/empresarial\/?s={search_term_string}"},"query-input":{"@type":"PropertyValueSpecification","valueRequired":true,"valueName":"search_term_string"}}],"inLanguage":"ca"}]}},"_links":{"self":[{"href":"https:\/\/fefac.cat\/empresarial\/wp-json\/wp\/v2\/pages\/9626","targetHints":{"allow":["GET"]}}],"collection":[{"href":"https:\/\/fefac.cat\/empresarial\/wp-json\/wp\/v2\/pages"}],"about":[{"href":"https:\/\/fefac.cat\/empresarial\/wp-json\/wp\/v2\/types\/page"}],"author":[{"embeddable":true,"href":"https:\/\/fefac.cat\/empresarial\/wp-json\/wp\/v2\/users\/1"}],"replies":[{"embeddable":true,"href":"https:\/\/fefac.cat\/empresarial\/wp-json\/wp\/v2\/comments?post=9626"}],"version-history":[{"count":11,"href":"https:\/\/fefac.cat\/empresarial\/wp-json\/wp\/v2\/pages\/9626\/revisions"}],"predecessor-version":[{"id":240344,"href":"https:\/\/fefac.cat\/empresarial\/wp-json\/wp\/v2\/pages\/9626\/revisions\/240344"}],"wp:attachment":[{"href":"https:\/\/fefac.cat\/empresarial\/wp-json\/wp\/v2\/media?parent=9626"}],"curies":[{"name":"wp","href":"https:\/\/api.w.org\/{rel}","templated":true}]}}